{"id":6311,"date":"2013-05-23T22:37:14","date_gmt":"2013-05-23T22:37:14","guid":{"rendered":"http:\/\/smetumet.com\/en\/?page_id=6311"},"modified":"2016-11-11T23:36:34","modified_gmt":"2016-11-11T23:36:34","slug":"planica-smucarska-zveza-slovenije","status":"publish","type":"page","link":"https:\/\/smetumet.com\/en\/for-companies\/past-collaborations\/planica-smucarska-zveza-slovenije\/","title":{"rendered":"Planica, Smu\u010darska zveza Slovenije"},"content":{"rendered":"<p>Kandidatura za svetovno prvenstvo v nordijskih disciplinah 2019, predstavitev s promocijskimi izdelki na FIS Kongresu v Barceloni <br \/>naro\u010dnik: <a href=\"http:\/\/www.planica.si\" target=\"_blank\">Planica, Smu\u010darska zveza Slovenije<\/a>\u00a0\u00a0<br \/>marketing: <a href=\"http:\/\/www.artika.si\/ok-planica.html\" target=\"_blank\">Artika<\/a>\u00a0\u00a0<\/p>\n<p>Smetumet izdelki: <br \/>&#8211; potiskani izveski, ki jih je mo\u017eno posaditi; iz\u00a0ro\u010dno izdelanega papirja iz jaj\u010dne embala\u017ee, dodana semena planik; za slovensko sol in borovni\u010dke <br \/>&#8211; papirnat <a href=\"http:\/\/smetumet.com\/izdelek-kategorija\/o-krasen\/\">medaljon<\/a>, ki ga je mo\u017eno posaditi; iz jaj\u010dne embala\u017ee, dodana semena planik<br \/>&#8211; nosilne vre\u010dke iz \u0161tartnih \u0161tevilk<br \/>&#8211; <a href=\"http:\/\/smetumet.com\/izdelek-kategorija\/jagoda\/\">nosilne vre\u010dke<\/a> iz promocijskih zastav<br \/><strong><br \/><\/strong>smeti naro\u010dnika: \u0161tartne \u0161tevilke preteklih tekmovanj, promocijske zastave<br \/><strong><br \/> <\/strong><\/p>\n\n\t\t<style type=\"text\/css\">\n\t\t\t#gallery-1 {\n\t\t\t\tmargin: auto;\n\t\t\t}\n\t\t\t#gallery-1 .gallery-item {\n\t\t\t\tfloat: left;\n\t\t\t\tmargin-top: 10px;\n\t\t\t\ttext-align: center;\n\t\t\t\twidth: 33%;\n\t\t\t}\n\t\t\t#gallery-1 img {\n\t\t\t\tborder: 2px solid #cfcfcf;\n\t\t\t}\n\t\t\t#gallery-1 .gallery-caption {\n\t\t\t\tmargin-left: 0;\n\t\t\t}\n\t\t\t\/* see gallery_shortcode() in wp-includes\/media.php *\/\n\t\t<\/style>\n\t\t<div id='gallery-1' class='gallery galleryid-6311 gallery-columns-3 gallery-size-thumbnail'><dl class='gallery-item'>\n\t\t\t<dt class='gallery-icon portrait'>\n\t\t\t\t<a href='https:\/\/smetumet.com\/wp-content\/uploads\/IMG_9856.jpg'><img width=\"340\" height=\"340\" src=\"https:\/\/smetumet.com\/wp-content\/uploads\/IMG_9856-340x340.jpg\" class=\"attachment-thumbnail size-thumbnail\" alt=\"\" decoding=\"async\" loading=\"lazy\" srcset=\"https:\/\/smetumet.com\/wp-content\/uploads\/IMG_9856-340x340.jpg 340w, https:\/\/smetumet.com\/wp-content\/uploads\/IMG_9856-100x100.jpg 100w, https:\/\/smetumet.com\/wp-content\/uploads\/IMG_9856-80x80.jpg 80w\" sizes=\"(max-width: 340px) 100vw, 340px\" \/><\/a>\n\t\t\t<\/dt><\/dl><dl class='gallery-item'>\n\t\t\t<dt class='gallery-icon landscape'>\n\t\t\t\t<a href='https:\/\/smetumet.com\/wp-content\/uploads\/IMG_8549.jpg'><img width=\"340\" height=\"340\" src=\"https:\/\/smetumet.com\/wp-content\/uploads\/IMG_8549-340x340.jpg\" class=\"attachment-thumbnail size-thumbnail\" alt=\"\" decoding=\"async\" loading=\"lazy\" srcset=\"https:\/\/smetumet.com\/wp-content\/uploads\/IMG_8549-340x340.jpg 340w, https:\/\/smetumet.com\/wp-content\/uploads\/IMG_8549-100x100.jpg 100w, https:\/\/smetumet.com\/wp-content\/uploads\/IMG_8549-80x80.jpg 80w, https:\/\/smetumet.com\/wp-content\/uploads\/IMG_8549-768x768.jpg 768w\" sizes=\"(max-width: 340px) 100vw, 340px\" \/><\/a>\n\t\t\t<\/dt><\/dl><dl class='gallery-item'>\n\t\t\t<dt class='gallery-icon portrait'>\n\t\t\t\t<a href='https:\/\/smetumet.com\/wp-content\/uploads\/IMG_8554.jpg'><img width=\"340\" height=\"340\" src=\"https:\/\/smetumet.com\/wp-content\/uploads\/IMG_8554-340x340.jpg\" class=\"attachment-thumbnail size-thumbnail\" alt=\"\" decoding=\"async\" loading=\"lazy\" srcset=\"https:\/\/smetumet.com\/wp-content\/uploads\/IMG_8554-340x340.jpg 340w, https:\/\/smetumet.com\/wp-content\/uploads\/IMG_8554-100x100.jpg 100w, https:\/\/smetumet.com\/wp-content\/uploads\/IMG_8554-80x80.jpg 80w, https:\/\/smetumet.com\/wp-content\/uploads\/IMG_8554-768x768.jpg 768w\" sizes=\"(max-width: 340px) 100vw, 340px\" \/><\/a>\n\t\t\t<\/dt><\/dl><br style=\"clear: both\" \/><dl class='gallery-item'>\n\t\t\t<dt class='gallery-icon landscape'>\n\t\t\t\t<a href='https:\/\/smetumet.com\/wp-content\/uploads\/IMG_8540.jpg'><img width=\"340\" height=\"340\" src=\"https:\/\/smetumet.com\/wp-content\/uploads\/IMG_8540-340x340.jpg\" class=\"attachment-thumbnail size-thumbnail\" alt=\"\" decoding=\"async\" loading=\"lazy\" srcset=\"https:\/\/smetumet.com\/wp-content\/uploads\/IMG_8540-340x340.jpg 340w, https:\/\/smetumet.com\/wp-content\/uploads\/IMG_8540-100x100.jpg 100w, https:\/\/smetumet.com\/wp-content\/uploads\/IMG_8540-80x80.jpg 80w, https:\/\/smetumet.com\/wp-content\/uploads\/IMG_8540-768x768.jpg 768w\" sizes=\"(max-width: 340px) 100vw, 340px\" \/><\/a>\n\t\t\t<\/dt><\/dl><dl class='gallery-item'>\n\t\t\t<dt class='gallery-icon landscape'>\n\t\t\t\t<a href='https:\/\/smetumet.com\/wp-content\/uploads\/IMG_8611.jpg'><img width=\"340\" height=\"340\" src=\"https:\/\/smetumet.com\/wp-content\/uploads\/IMG_8611-340x340.jpg\" class=\"attachment-thumbnail size-thumbnail\" alt=\"\" decoding=\"async\" loading=\"lazy\" srcset=\"https:\/\/smetumet.com\/wp-content\/uploads\/IMG_8611-340x340.jpg 340w, https:\/\/smetumet.com\/wp-content\/uploads\/IMG_8611-100x100.jpg 100w, https:\/\/smetumet.com\/wp-content\/uploads\/IMG_8611-80x80.jpg 80w, https:\/\/smetumet.com\/wp-content\/uploads\/IMG_8611-768x768.jpg 768w\" sizes=\"(max-width: 340px) 100vw, 340px\" \/><\/a>\n\t\t\t<\/dt><\/dl><dl class='gallery-item'>\n\t\t\t<dt class='gallery-icon landscape'>\n\t\t\t\t<a href='https:\/\/smetumet.com\/wp-content\/uploads\/IMG_8546.jpg'><img width=\"340\" height=\"340\" src=\"https:\/\/smetumet.com\/wp-content\/uploads\/IMG_8546-340x340.jpg\" class=\"attachment-thumbnail size-thumbnail\" alt=\"\" decoding=\"async\" loading=\"lazy\" srcset=\"https:\/\/smetumet.com\/wp-content\/uploads\/IMG_8546-340x340.jpg 340w, https:\/\/smetumet.com\/wp-content\/uploads\/IMG_8546-100x100.jpg 100w, https:\/\/smetumet.com\/wp-content\/uploads\/IMG_8546-80x80.jpg 80w, https:\/\/smetumet.com\/wp-content\/uploads\/IMG_8546-768x768.jpg 768w\" sizes=\"(max-width: 340px) 100vw, 340px\" \/><\/a>\n\t\t\t<\/dt><\/dl><br style=\"clear: both\" \/><dl class='gallery-item'>\n\t\t\t<dt class='gallery-icon landscape'>\n\t\t\t\t<a href='https:\/\/smetumet.com\/wp-content\/uploads\/IMG_8558.jpg'><img width=\"340\" height=\"340\" src=\"https:\/\/smetumet.com\/wp-content\/uploads\/IMG_8558-340x340.jpg\" class=\"attachment-thumbnail size-thumbnail\" alt=\"\" decoding=\"async\" loading=\"lazy\" srcset=\"https:\/\/smetumet.com\/wp-content\/uploads\/IMG_8558-340x340.jpg 340w, https:\/\/smetumet.com\/wp-content\/uploads\/IMG_8558-100x100.jpg 100w, https:\/\/smetumet.com\/wp-content\/uploads\/IMG_8558-80x80.jpg 80w\" sizes=\"(max-width: 340px) 100vw, 340px\" \/><\/a>\n\t\t\t<\/dt><\/dl><dl class='gallery-item'>\n\t\t\t<dt class='gallery-icon landscape'>\n\t\t\t\t<a href='https:\/\/smetumet.com\/wp-content\/uploads\/IMG_8055-1.jpg'><img width=\"340\" height=\"340\" src=\"https:\/\/smetumet.com\/wp-content\/uploads\/IMG_8055-1-340x340.jpg\" class=\"attachment-thumbnail size-thumbnail\" alt=\"\" decoding=\"async\" loading=\"lazy\" srcset=\"https:\/\/smetumet.com\/wp-content\/uploads\/IMG_8055-1-340x340.jpg 340w, https:\/\/smetumet.com\/wp-content\/uploads\/IMG_8055-1-100x100.jpg 100w, https:\/\/smetumet.com\/wp-content\/uploads\/IMG_8055-1-80x80.jpg 80w, https:\/\/smetumet.com\/wp-content\/uploads\/IMG_8055-1-768x768.jpg 768w\" sizes=\"(max-width: 340px) 100vw, 340px\" \/><\/a>\n\t\t\t<\/dt><\/dl><dl class='gallery-item'>\n\t\t\t<dt class='gallery-icon portrait'>\n\t\t\t\t<a href='https:\/\/smetumet.com\/wp-content\/uploads\/IMG_8045.jpg'><img width=\"340\" height=\"340\" src=\"https:\/\/smetumet.com\/wp-content\/uploads\/IMG_8045-340x340.jpg\" class=\"attachment-thumbnail size-thumbnail\" alt=\"\" decoding=\"async\" loading=\"lazy\" srcset=\"https:\/\/smetumet.com\/wp-content\/uploads\/IMG_8045-340x340.jpg 340w, https:\/\/smetumet.com\/wp-content\/uploads\/IMG_8045-100x100.jpg 100w, https:\/\/smetumet.com\/wp-content\/uploads\/IMG_8045-80x80.jpg 80w, https:\/\/smetumet.com\/wp-content\/uploads\/IMG_8045-768x768.jpg 768w\" sizes=\"(max-width: 340px) 100vw, 340px\" \/><\/a>\n\t\t\t<\/dt><\/dl><br style=\"clear: both\" \/>\n\t\t<\/div>\n\n","protected":false},"excerpt":{"rendered":"<p>Kandidatura za svetovno prvenstvo v nordijskih disciplinah 2019, predstavitev s promocijskimi izdelki na FIS Kongresu [&hellip;]\n","protected":false},"author":5,"featured_media":5111,"parent":5456,"menu_order":4,"comment_status":"closed","ping_status":"closed","template":"","meta":{"_mi_skip_tracking":false},"acf":[],"yoast_head":"<!-- This site is optimized with the Yoast SEO plugin v20.0 - https:\/\/yoast.com\/wordpress\/plugins\/seo\/ -->\n<title>Planica, Smu\u010darska zveza Slovenije - Smetumet<\/title>\n<meta name=\"robots\" content=\"index, follow, max-snippet:-1, max-image-preview:large, max-video-preview:-1\" \/>\n<link rel=\"canonical\" href=\"https:\/\/smetumet.com\/en\/for-companies\/past-collaborations\/planica-smucarska-zveza-slovenije\/\" \/>\n<meta property=\"og:locale\" content=\"en_US\" \/>\n<meta property=\"og:type\" content=\"article\" \/>\n<meta property=\"og:title\" content=\"Planica, Smu\u010darska zveza Slovenije - Smetumet\" \/>\n<meta property=\"og:description\" content=\"Kandidatura za svetovno prvenstvo v nordijskih disciplinah 2019, predstavitev s promocijskimi izdelki na FIS Kongresu [&hellip;]\" \/>\n<meta property=\"og:url\" content=\"https:\/\/smetumet.com\/en\/for-companies\/past-collaborations\/planica-smucarska-zveza-slovenije\/\" \/>\n<meta property=\"og:site_name\" content=\"Smetumet\" \/>\n<meta property=\"article:modified_time\" content=\"2016-11-11T23:36:34+00:00\" \/>\n<meta property=\"og:image\" content=\"https:\/\/smetumet.com\/wp-content\/uploads\/IMG_8549-1600x1067.jpg\" \/>\n\t<meta property=\"og:image:width\" content=\"1600\" \/>\n\t<meta property=\"og:image:height\" content=\"1067\" \/>\n\t<meta property=\"og:image:type\" content=\"image\/jpeg\" \/>\n<meta name=\"twitter:card\" content=\"summary_large_image\" \/>\n<script type=\"application\/ld+json\" class=\"yoast-schema-graph\">{\"@context\":\"https:\/\/schema.org\",\"@graph\":[{\"@type\":\"WebPage\",\"@id\":\"https:\/\/smetumet.com\/en\/for-companies\/past-collaborations\/planica-smucarska-zveza-slovenije\/\",\"url\":\"https:\/\/smetumet.com\/en\/for-companies\/past-collaborations\/planica-smucarska-zveza-slovenije\/\",\"name\":\"Planica, Smu\u010darska zveza Slovenije - Smetumet\",\"isPartOf\":{\"@id\":\"http:\/\/smetumet.com\/en\/#website\"},\"datePublished\":\"2013-05-23T22:37:14+00:00\",\"dateModified\":\"2016-11-11T23:36:34+00:00\",\"breadcrumb\":{\"@id\":\"https:\/\/smetumet.com\/en\/for-companies\/past-collaborations\/planica-smucarska-zveza-slovenije\/#breadcrumb\"},\"inLanguage\":\"en-US\",\"potentialAction\":[{\"@type\":\"ReadAction\",\"target\":[\"https:\/\/smetumet.com\/en\/for-companies\/past-collaborations\/planica-smucarska-zveza-slovenije\/\"]}]},{\"@type\":\"BreadcrumbList\",\"@id\":\"https:\/\/smetumet.com\/en\/for-companies\/past-collaborations\/planica-smucarska-zveza-slovenije\/#breadcrumb\",\"itemListElement\":[{\"@type\":\"ListItem\",\"position\":1,\"name\":\"Home\",\"item\":\"http:\/\/smetumet.com\/en\/\"},{\"@type\":\"ListItem\",\"position\":2,\"name\":\"For companies\",\"item\":\"http:\/\/smetumet.com\/en\/for-companies\/\"},{\"@type\":\"ListItem\",\"position\":3,\"name\":\"Past collaborations\",\"item\":\"http:\/\/smetumet.com\/en\/for-companies\/past-collaborations\/\"},{\"@type\":\"ListItem\",\"position\":4,\"name\":\"Planica, Smu\u010darska zveza Slovenije\"}]},{\"@type\":\"WebSite\",\"@id\":\"http:\/\/smetumet.com\/en\/#website\",\"url\":\"http:\/\/smetumet.com\/en\/\",\"name\":\"Smetumet\",\"description\":\"Kulturno ekolo\u0161ko dru\u0161tvo\",\"potentialAction\":[{\"@type\":\"SearchAction\",\"target\":{\"@type\":\"EntryPoint\",\"urlTemplate\":\"http:\/\/smetumet.com\/en\/?s={search_term_string}\"},\"query-input\":\"required name=search_term_string\"}],\"inLanguage\":\"en-US\"}]}<\/script>\n<!-- \/ Yoast SEO plugin. -->","yoast_head_json":{"title":"Planica, Smu\u010darska zveza Slovenije - Smetumet","robots":{"index":"index","follow":"follow","max-snippet":"max-snippet:-1","max-image-preview":"max-image-preview:large","max-video-preview":"max-video-preview:-1"},"canonical":"https:\/\/smetumet.com\/en\/for-companies\/past-collaborations\/planica-smucarska-zveza-slovenije\/","og_locale":"en_US","og_type":"article","og_title":"Planica, Smu\u010darska zveza Slovenije - Smetumet","og_description":"Kandidatura za svetovno prvenstvo v nordijskih disciplinah 2019, predstavitev s promocijskimi izdelki na FIS Kongresu [&hellip;]","og_url":"https:\/\/smetumet.com\/en\/for-companies\/past-collaborations\/planica-smucarska-zveza-slovenije\/","og_site_name":"Smetumet","article_modified_time":"2016-11-11T23:36:34+00:00","og_image":[{"width":1600,"height":1067,"url":"https:\/\/smetumet.com\/wp-content\/uploads\/IMG_8549-1600x1067.jpg","type":"image\/jpeg"}],"twitter_card":"summary_large_image","schema":{"@context":"https:\/\/schema.org","@graph":[{"@type":"WebPage","@id":"https:\/\/smetumet.com\/en\/for-companies\/past-collaborations\/planica-smucarska-zveza-slovenije\/","url":"https:\/\/smetumet.com\/en\/for-companies\/past-collaborations\/planica-smucarska-zveza-slovenije\/","name":"Planica, Smu\u010darska zveza Slovenije - Smetumet","isPartOf":{"@id":"http:\/\/smetumet.com\/en\/#website"},"datePublished":"2013-05-23T22:37:14+00:00","dateModified":"2016-11-11T23:36:34+00:00","breadcrumb":{"@id":"https:\/\/smetumet.com\/en\/for-companies\/past-collaborations\/planica-smucarska-zveza-slovenije\/#breadcrumb"},"inLanguage":"en-US","potentialAction":[{"@type":"ReadAction","target":["https:\/\/smetumet.com\/en\/for-companies\/past-collaborations\/planica-smucarska-zveza-slovenije\/"]}]},{"@type":"BreadcrumbList","@id":"https:\/\/smetumet.com\/en\/for-companies\/past-collaborations\/planica-smucarska-zveza-slovenije\/#breadcrumb","itemListElement":[{"@type":"ListItem","position":1,"name":"Home","item":"http:\/\/smetumet.com\/en\/"},{"@type":"ListItem","position":2,"name":"For companies","item":"http:\/\/smetumet.com\/en\/for-companies\/"},{"@type":"ListItem","position":3,"name":"Past collaborations","item":"http:\/\/smetumet.com\/en\/for-companies\/past-collaborations\/"},{"@type":"ListItem","position":4,"name":"Planica, Smu\u010darska zveza Slovenije"}]},{"@type":"WebSite","@id":"http:\/\/smetumet.com\/en\/#website","url":"http:\/\/smetumet.com\/en\/","name":"Smetumet","description":"Kulturno ekolo\u0161ko dru\u0161tvo","potentialAction":[{"@type":"SearchAction","target":{"@type":"EntryPoint","urlTemplate":"http:\/\/smetumet.com\/en\/?s={search_term_string}"},"query-input":"required name=search_term_string"}],"inLanguage":"en-US"}]}},"_links":{"self":[{"href":"https:\/\/smetumet.com\/en\/wp-json\/wp\/v2\/pages\/6311"}],"collection":[{"href":"https:\/\/smetumet.com\/en\/wp-json\/wp\/v2\/pages"}],"about":[{"href":"https:\/\/smetumet.com\/en\/wp-json\/wp\/v2\/types\/page"}],"author":[{"embeddable":true,"href":"https:\/\/smetumet.com\/en\/wp-json\/wp\/v2\/users\/5"}],"replies":[{"embeddable":true,"href":"https:\/\/smetumet.com\/en\/wp-json\/wp\/v2\/comments?post=6311"}],"version-history":[{"count":3,"href":"https:\/\/smetumet.com\/en\/wp-json\/wp\/v2\/pages\/6311\/revisions"}],"predecessor-version":[{"id":6351,"href":"https:\/\/smetumet.com\/en\/wp-json\/wp\/v2\/pages\/6311\/revisions\/6351"}],"up":[{"embeddable":true,"href":"https:\/\/smetumet.com\/en\/wp-json\/wp\/v2\/pages\/5456"}],"wp:featuredmedia":[{"embeddable":true,"href":"https:\/\/smetumet.com\/en\/wp-json\/wp\/v2\/media\/5111"}],"wp:attachment":[{"href":"https:\/\/smetumet.com\/en\/wp-json\/wp\/v2\/media?parent=6311"}],"curies":[{"name":"wp","href":"https:\/\/api.w.org\/{rel}","templated":true}]}}